{"id":23,"date":"2017-07-25T15:55:24","date_gmt":"2017-07-25T13:55:24","guid":{"rendered":"http:\/\/expedition-kreuzfahrt-spitzbergen.de\/?page_id=23"},"modified":"2018-06-04T11:23:30","modified_gmt":"2018-06-04T09:23:30","slug":"impressum","status":"publish","type":"page","link":"https:\/\/Expedition-Kreuzfahrt-Spitzbergen.de\/cms\/impressum\/","title":{"rendered":"Impressum"},"content":{"rendered":"<p><strong>Gesch\u00e4ftsform:<\/strong> Gesellschaft mit beschr\u00e4nkter Haftung<br \/>\n<strong>Gesch\u00e4ftsf\u00fchrer:<\/strong> Bernd Gr\u00e4ske<br \/>\n<strong>Registergericht:<\/strong> Amtsgericht Leipzig<br \/>\n<strong>Register-Nr.:<\/strong> HRB 187<br \/>\n<strong>Kontakt:<\/strong> Dresdner Stra\u00dfe 71, D \u2013 04317 Leipzig<br \/>\n<strong>Telefon:<\/strong> 03 41 \/ 6 89 47 69<br \/>\n<strong>Telefax:<\/strong> 03 41 \/ 6 89 47 49<br \/>\n<strong>e-mail:<\/strong> info@reudnitzer-reisen.com<br \/>\n<strong>Steuer-Nr.:<\/strong> 232 117 01781<\/p>\n<p><strong>Inhalt:<\/strong> Gesch\u00e4ftliche Internetpr\u00e4sentation. Keine rechtswidrigen Inhalte oder Verweise zu fremden Internetseiten, welche diese mit Wissen des Autors direkt anbieten.<br \/>\n<strong>Text\/Bildnachweis:<\/strong> Alle Texte und Bilder unterliegen dem Copyright von der Reudnitzer Reisen GmbH und den jeweilgen Fotografen.<br \/>\ntechn. Ansprechpartner: Thomas Neumeister \u00b7 Phone: 03 41 \/ 6 89 84 20 \u00b7 E-Mail: technik -at- reudnitzer-reisen.com<\/p>\n<p><strong>Erkl\u00e4rung<\/strong><br \/>\nHiermit distanzieren wir uns ausdr\u00fccklich von den Inhalten der von uns verwiesenen Internetseiten, auf deren Gestaltung wir keinen Einfluss haben. Wir \u00fcbernehmen keine Haftung f\u00fcr Ergebnisse beliebiger Art, welche durch Nutzung der Inhalte unserer Internetseite direkt oder indirekt entstehen.<\/p>\n<p><strong>Datenschutz<\/strong><br \/>\nDie Nutzung unserer Webseite ist in der Regel ohne Angabe personenbezogener Daten m\u00f6glich. Soweit auf unseren Seiten personenbezogene Daten (beispielsweise Name, Anschrift oder eMail-Adressen) erhoben werden, erfolgt dies, soweit m\u00f6glich, stets auf freiwilliger Basis. Diese Daten werden ohne Ihre ausdr\u00fcckliche Zustimmung nicht an Dritte weitergegeben.<br \/>\nWir weisen darauf hin, dass die Daten\u00fcbertragung im Internet (z.B. bei der Kommunikation per E-Mail) Sicherheitsl\u00fccken aufweisen kann. Ein l\u00fcckenloser Schutz der Daten vor dem Zugriff durch Dritte ist nicht m\u00f6glich.<br \/>\nDer Nutzung von im Rahmen der Impressumspflicht ver\u00f6ffentlichten Kontaktdaten durch Dritte zur \u00fcbersendung von nicht ausdr\u00fccklich angeforderter Werbung und Informationsmaterialien wird hiermit ausdr\u00fccklich widersprochen. Die Betreiber der Seiten behalten sich ausdr\u00fccklich rechtliche Schritte im Falle der unverlangten Zusendung von Werbeinformationen, etwa durch Spam-Mails, vor.<\/p>\n<p><strong>Cookies<\/strong><br \/>\nWenn Nutzer das Angebot aufrufen, werden ein oder mehrere Cookies auf seinem Rechner gespeichert. Ein Cookie ist eine kleine Datei, die eine bestimmte Zeichenfolge enth\u00e4lt und Ihren Browser eindeutig identifiziert. Mit Hilfe von Cookies verbessert der Anbieter den Komfort und die Qualit\u00e4t seines Services, indem zum Beispiel Nutzereinstellungen gespeichert werden. Cookies richten auf dem Rechner der Nutzer keinen Schaden an und enthalten keine Viren.<br \/>\nEine Nutzung des Angebotes ist auch ohne Cookies m\u00f6glich. Nutzer k\u00f6nnen in Ihrem Browser das Speichern von Cookies deaktivieren, auf bestimmte Websites beschr\u00e4nken oder Ihren Browser so einstellen, dass er sie benachrichtigt, bevor ein Cookie gespeichert wird. Sie k\u00f6nnen die Cookies \u00fcber die Datenschutzfunktionen ihres Browsers jederzeit von der Festplatte ihres Rechners l\u00f6schen. In diesem Fall, k\u00f6nnten die Funktionen und die Benutzerfreundlichkeit des Angebots eingeschr\u00e4nkt werden.<\/p>\n<p><strong><a href=\"https:\/\/www.google.com\/analytics\/terms\/de.html\">Google Analytics<\/a><br \/>\n<\/strong>Diese Website nutzt Google Analytics, einen Webanalysedienst der Google Inc. (\u201eGoogle, USA\u201c). Google Analytics verwendet sog. \u201eCookies\u201c, Textdateien, die in Ihrem Browser gespeichert werden. Die durch den Cookie erzeugten Informationen \u00fcber Ihre Benutzung dieser Website werden in der Regel an einen Server von Google in den USA \u00fcbertragen und dort gespeichert. Durch Aktivierung der IP-Anonymisierung wird Ihre IP-Adresse von Google innerhalb von Mitgliedstaaten der Europ\u00e4ischen Union oder in anderen Vertragsstaaten des Abkommens \u00fcber den Europ\u00e4ischen Wirtschaftsraum zuvor gek\u00fcrzt. Google wird Besucherverhalten auszuwerten, um Reports \u00fcber die Websiteaktivit\u00e4ten zusammenzustellen und um weitere mit der Websitenutzung und der Internetnutzung verbundene Dienstleistungen gegen\u00fcber dem Websitebetreiber zu erbringen.<\/p>\n<p><strong>Weitergabe personenbezogener Informationen an Dritte<\/strong><br \/>\nZur Abwicklung der von uns vermittelten oder zu erbringenden Leistungen geben wir Ihre personenbezogenen Daten an Ihren jeweiligen Vertragspartner\/Reiseveranstalter und die an der Leistungserbringung beteiligten Dritten weiter, soweit dies f\u00fcr die Vertragserf\u00fcllung erforderlich ist. Sollten Daten an unsere Vertragspartner bzw. Dritte weitergegeben werden, so sind diese zus\u00e4tzlich zu den zwingenden gesetzlichen Vorschriften an unsere vertraglichen Vorgaben zum Thema Datenschutz gebunden. Erhebungen bzw. \u00fcbermittlung von personenbezogenen Daten an staatliche Einrichtungen und Beh\u00f6rden erfolgen nur im Rahmen zwingender Rechtsvorschriften.<\/p>\n<p><strong>Informationen zur Online-Streitbeilegung<\/strong><br \/>\nDie Europ\u00e4ische Kommission stellt eine Plattform zur Online-Streitbeilegung (OS) bereit: http:\/\/ec.europa.eu\/consumers\/odr.<\/p>\n","protected":false},"excerpt":{"rendered":"<p>Gesch\u00e4ftsform: Gesellschaft mit beschr\u00e4nkter Haftung Gesch\u00e4ftsf\u00fchrer: Bernd Gr\u00e4ske Registergericht: Amtsgericht Leipzig Register-Nr.: HRB 187 Kontakt: Dresdner Stra\u00dfe 71, D \u2013 04317 Leipzig Telefon: 03 41 \/ 6 89 47 69 Telefax: 03 41 \/ 6 89 47 49 e-mail: info@reudnitzer-reisen.com Steuer-Nr.: 232 117 01781 Inhalt: Gesch\u00e4ftliche Internetpr\u00e4sentation. Keine rechtswidrigen Inhalte oder Verweise zu fremden Internetseiten, welche diese mit Wissen des Autors direkt anbieten. Text\/Bildnachweis: Alle Texte und Bilder unterliegen dem Copyright von der Reudnitzer Reisen GmbH und den jeweilgen Fotografen. techn. Ansprechpartner: Thomas Neumeister \u00b7 Phone: 03 41 \/ 6 89 84 20 \u00b7 E-Mail: technik -at- reudnitzer-reisen.com Erkl\u00e4rung Hiermit distanzieren wir uns ausdr\u00fccklich von den Inhalten der von uns verwiesenen Internetseiten, auf deren Gestaltung wir keinen Einfluss haben. Wir \u00fcbernehmen keine Haftung f\u00fcr Ergebnisse beliebiger Art, welche durch Nutzung der Inhalte unserer Internetseite direkt oder indirekt entstehen. Datenschutz Die Nutzung unserer Webseite ist in der Regel ohne Angabe personenbezogener Daten m\u00f6glich. Soweit auf unseren Seiten personenbezogene Daten (beispielsweise Name, Anschrift oder eMail-Adressen) erhoben werden, erfolgt dies, soweit m\u00f6glich, stets auf freiwilliger Basis. Diese Daten werden ohne Ihre ausdr\u00fcckliche Zustimmung nicht an Dritte weitergegeben. Wir weisen darauf hin, dass die Daten\u00fcbertragung im Internet (z.B. bei der Kommunikation per E-Mail) Sicherheitsl\u00fccken aufweisen kann. Ein l\u00fcckenloser Schutz der Daten vor dem Zugriff durch Dritte ist nicht m\u00f6glich. Der Nutzung von im Rahmen der Impressumspflicht ver\u00f6ffentlichten Kontaktdaten durch Dritte zur \u00fcbersendung von nicht ausdr\u00fccklich angeforderter Werbung und Informationsmaterialien wird hiermit ausdr\u00fccklich widersprochen. Die Betreiber der Seiten behalten sich ausdr\u00fccklich rechtliche Schritte im Falle der unverlangten Zusendung von Werbeinformationen, etwa durch Spam-Mails, vor. Cookies Wenn Nutzer das Angebot aufrufen, werden ein oder mehrere Cookies auf seinem Rechner gespeichert. Ein Cookie ist eine kleine Datei, die eine bestimmte Zeichenfolge enth\u00e4lt und Ihren Browser eindeutig identifiziert. Mit Hilfe von Cookies verbessert der Anbieter den Komfort und die Qualit\u00e4t seines Services, indem zum Beispiel Nutzereinstellungen gespeichert werden. Cookies richten auf dem Rechner der Nutzer keinen Schaden an und enthalten keine Viren. Eine Nutzung des Angebotes ist auch ohne Cookies m\u00f6glich. Nutzer k\u00f6nnen in Ihrem Browser das Speichern von Cookies deaktivieren, auf bestimmte Websites beschr\u00e4nken oder Ihren Browser so einstellen, dass er sie benachrichtigt, bevor ein Cookie gespeichert wird. Sie k\u00f6nnen die Cookies \u00fcber die Datenschutzfunktionen ihres Browsers jederzeit von der Festplatte ihres Rechners l\u00f6schen. In diesem Fall, k\u00f6nnten die Funktionen und die Benutzerfreundlichkeit des Angebots eingeschr\u00e4nkt werden. Google Analytics Diese Website nutzt Google Analytics, einen Webanalysedienst der Google Inc. (\u201eGoogle, USA\u201c). Google Analytics verwendet sog. \u201eCookies\u201c, Textdateien, die in Ihrem Browser gespeichert werden. Die durch den Cookie erzeugten Informationen \u00fcber Ihre Benutzung dieser Website werden in der Regel an einen Server von Google in den USA \u00fcbertragen und dort gespeichert. Durch Aktivierung der IP-Anonymisierung wird Ihre IP-Adresse von Google innerhalb von Mitgliedstaaten der Europ\u00e4ischen Union oder in anderen Vertragsstaaten des Abkommens \u00fcber den Europ\u00e4ischen Wirtschaftsraum zuvor gek\u00fcrzt. Google wird Besucherverhalten auszuwerten, um Reports \u00fcber die Websiteaktivit\u00e4ten zusammenzustellen und um weitere mit der Websitenutzung und der Internetnutzung verbundene Dienstleistungen gegen\u00fcber dem Websitebetreiber zu erbringen. Weitergabe personenbezogener Informationen an <a href=\"https:\/\/Expedition-Kreuzfahrt-Spitzbergen.de\/cms\/impressum\/\"> Read more&#8230;<\/a><\/p>\n","protected":false},"author":1,"featured_media":0,"parent":0,"menu_order":0,"comment_status":"closed","ping_status":"closed","template":"template-full-width.php","meta":{"footnotes":""},"class_list":["post-23","page","type-page","status-publish","hentry"],"_links":{"self":[{"href":"https:\/\/Expedition-Kreuzfahrt-Spitzbergen.de\/cms\/wp-json\/wp\/v2\/pages\/23","targetHints":{"allow":["GET"]}}],"collection":[{"href":"https:\/\/Expedition-Kreuzfahrt-Spitzbergen.de\/cms\/wp-json\/wp\/v2\/pages"}],"about":[{"href":"https:\/\/Expedition-Kreuzfahrt-Spitzbergen.de\/cms\/wp-json\/wp\/v2\/types\/page"}],"author":[{"embeddable":true,"href":"https:\/\/Expedition-Kreuzfahrt-Spitzbergen.de\/cms\/wp-json\/wp\/v2\/users\/1"}],"replies":[{"embeddable":true,"href":"https:\/\/Expedition-Kreuzfahrt-Spitzbergen.de\/cms\/wp-json\/wp\/v2\/comments?post=23"}],"version-history":[{"count":10,"href":"https:\/\/Expedition-Kreuzfahrt-Spitzbergen.de\/cms\/wp-json\/wp\/v2\/pages\/23\/revisions"}],"predecessor-version":[{"id":217,"href":"https:\/\/Expedition-Kreuzfahrt-Spitzbergen.de\/cms\/wp-json\/wp\/v2\/pages\/23\/revisions\/217"}],"wp:attachment":[{"href":"https:\/\/Expedition-Kreuzfahrt-Spitzbergen.de\/cms\/wp-json\/wp\/v2\/media?parent=23"}],"curies":[{"name":"wp","href":"https:\/\/api.w.org\/{rel}","templated":true}]}}