{"id":142,"date":"2017-07-27T15:18:54","date_gmt":"2017-07-27T13:18:54","guid":{"rendered":"http:\/\/expedition-kreuzfahrt-spitzbergen.de\/?page_id=142"},"modified":"2017-07-28T14:36:11","modified_gmt":"2017-07-28T12:36:11","slug":"haeufig-gestellte-fragen","status":"publish","type":"page","link":"https:\/\/Expedition-Kreuzfahrt-Spitzbergen.de\/cms\/haeufig-gestellte-fragen\/","title":{"rendered":"H\u00e4ufig gestellte Fragen"},"content":{"rendered":"<h3><strong>Wie ist das Klima vor Ort?<\/strong><\/h3>\n<p>Um Spitzbergen liegen die durchschnittlichen Temperaturen Ende August und Anfang September zwischen 0\u00b0 und 6\u00b0 C. Sonne, Schnee, Nebel und Regen k\u00f6nnen sich hier in kurzer Zeit abwechseln.<\/p>\n<hr \/>\n<h3><strong>Welche Art von Kleidung sollte ich mitbringen?<\/strong><\/h3>\n<p>Der Expeditions-Atmosph\u00e4re der Reise entsprechend ist die Bekleidung an Bord sportlich-leger. Denken Sie daran, dass Sie oft an Deck gehen werden, um von dort aus Tiere zu beobachten oder die Aussicht auf Landschaft und Treibeis zu genie\u00dfen, sodass es praktisch ist, an Bord Schuhe mit rutschfester Sohle zu tragen und eine warme Jacke in Reichweite zu haben \u2013 der Ruf \u201eWal in Sicht!\u201c kommt oft unerwartet und erfordert schnelle Reaktion! Auch hier erm\u00f6glicht das Schichtenprinzip bei der Bekleidung, sich schnell an den Wechsel zwischen dem warmen Innenbereich und dem kalten Au\u00dfendeck anzupassen.<\/p>\n<hr \/>\n<h3><strong>Ben\u00f6tige ich f\u00fcr die Anlandungen Gummistiefel?<\/strong><\/h3>\n<p>Ja. Darum stellen wir Ihnen an Bord der MS Ortelius f\u00fcr die Dauer Ihrer Reise kostenlos ein Paar robuster Gummistiefel zur Verf\u00fcgung. Bitte teilen Sie uns Ihre Schuhgr\u00f6\u00dfe sp\u00e4testens 10 Wochen vor Reisebeginn mit, damit sichergestellt werden kann, dass f\u00fcr Sie passende Stiefel bereitgehalten werden.<\/p>\n<hr \/>\n<h3><strong>Muss ich gut zu Fu\u00df sein?<\/strong><\/h3>\n<p>Ja. Das Schiff verf\u00fcgt nicht \u00fcber Aufz\u00fcge und ist nicht behindertengerecht ausgestattet. Um an den Anlandungen teilnehmen zu k\u00f6nnen, m\u00fcssen Sie in der Lage sein, die schmale Gangway zu den Zodiacs hoch- und herunterzugehen und mit Hilfe der Crew in die Boote ein- und auszusteigen. An Land werden Sie sich auf unebenem, oft felsigem oder nassem und manchmal glattem oder schneebedecktem Untergrund bewegen.<\/p>\n<hr \/>\n<h3><strong>Wie steht es mit der medizinischen Versorgung vor Ort?<\/strong><\/h3>\n<p>An Bord der MS Ortelius gibt es ein kleines Hospital und einen Schiffsarzt zur Erstversorgung sowie zur Behandlung kleiner medizinischer Probleme. Die Ausstattung ist aber nicht mit der einer Klinik an Land vergleichbar. Wenn Sie regelm\u00e4\u00dfig Medikamente nehmen oder Allergien gegen bestimmte Medikamente haben, informieren Sie bitte fr\u00fchzeitig den Schiffsarzt, damit er im Falle eines Notfalls s\u00e4mtliche Informationen hat. Wir reisen jedoch in abgelegene Regionen, in denen es sonst keine medizinische Versorgung gibt. Sie k\u00f6nnen daher nicht an der Reise teilnehmen, wenn Sie in einer gesundheitlichen Verfassung sind, die einen Bedarf an medizinischer Versorgung wahrscheinlich macht oder Sie t\u00e4glicher Behandlung bed\u00fcrfen.<\/p>\n<hr \/>\n<h3><strong>Muss ich einen medizinischen Fragebogen ausf\u00fcllen?<\/strong><\/h3>\n<p>Ja. Den Fragebogen erhalten Sie von uns oder von Ihrem Reiseb\u00fcro mit Ihrer Reisebest\u00e4tigung. Bitten senden Sie ihn bis sp\u00e4testens vier Wochen nach Buchung ausgef\u00fcllt zur\u00fcck.<\/p>\n<hr \/>\n<h3><strong>Wie steht es mit der Umweltvertr\u00e4glichkeit der Reise?<\/strong><\/h3>\n<p>Jeder Spitzbergen-Besucher zahlt eine Umwelt-Geb\u00fchr. Diese Geb\u00fchr ist in Ihrem Reisepreis bereits enthalten. So tragen Sie zur Erhaltung des nat\u00fcrlichen Gleichgewichts dieser einzigartigen Naturlandschaft bei. Dar\u00fcber hinaus gibt es einige Richtlinien f\u00fcr Besucher, mit denen Sie Ihre Reiseleiter vertraut machen werden, u. a. in Bezug auf das Verhalten gegen\u00fcber Tieren oder den Umgang mit Vegetation und Bodenoberfl\u00e4che.<\/p>\n<hr \/>\n<h3><strong>Kann ich meine Reise in Oslo verl\u00e4ngern?<\/strong><\/h3>\n<p>Auf Wunsch buchen wir f\u00fcr Sie vor oder nach der Reise Verl\u00e4ngerungsn\u00e4chte in Oslo. Anstelle des Fluges nach bzw. von Oslo k\u00f6nnen Sie auch an Bord der Color Line-F\u00e4hre zwischen Kiel und Oslo reisen. Preise und Informationen dazu senden wir Ihnen gerne zu.<\/p>\n<p>&nbsp;<\/p>\n","protected":false},"excerpt":{"rendered":"<p>Wie ist das Klima vor Ort? Um Spitzbergen liegen die durchschnittlichen Temperaturen Ende August und Anfang September zwischen 0\u00b0 und 6\u00b0 C. Sonne, Schnee, Nebel und Regen k\u00f6nnen sich hier in kurzer Zeit abwechseln. Welche Art von Kleidung sollte ich mitbringen? Der Expeditions-Atmosph\u00e4re der Reise entsprechend ist die Bekleidung an Bord sportlich-leger. Denken Sie daran, dass Sie oft an Deck gehen werden, um von dort aus Tiere zu beobachten oder die Aussicht auf Landschaft und Treibeis zu genie\u00dfen, sodass es praktisch ist, an Bord Schuhe mit rutschfester Sohle zu tragen und eine warme Jacke in Reichweite zu haben \u2013 der Ruf \u201eWal in Sicht!\u201c kommt oft unerwartet und erfordert schnelle Reaktion! Auch hier erm\u00f6glicht das Schichtenprinzip bei der Bekleidung, sich schnell an den Wechsel zwischen dem warmen Innenbereich und dem kalten Au\u00dfendeck anzupassen. Ben\u00f6tige ich f\u00fcr die Anlandungen Gummistiefel? Ja. Darum stellen wir Ihnen an Bord der MS Ortelius f\u00fcr die Dauer Ihrer Reise kostenlos ein Paar robuster Gummistiefel zur Verf\u00fcgung. Bitte teilen Sie uns Ihre Schuhgr\u00f6\u00dfe sp\u00e4testens 10 Wochen vor Reisebeginn mit, damit sichergestellt werden kann, dass f\u00fcr Sie passende Stiefel bereitgehalten werden. Muss ich gut zu Fu\u00df sein? Ja. Das Schiff verf\u00fcgt nicht \u00fcber Aufz\u00fcge und ist nicht behindertengerecht ausgestattet. Um an den Anlandungen teilnehmen zu k\u00f6nnen, m\u00fcssen Sie in der Lage sein, die schmale Gangway zu den Zodiacs hoch- und herunterzugehen und mit Hilfe der Crew in die Boote ein- und auszusteigen. An Land werden Sie sich auf unebenem, oft felsigem oder nassem und manchmal glattem oder schneebedecktem Untergrund bewegen. Wie steht es mit der medizinischen Versorgung vor Ort? An Bord der MS Ortelius gibt es ein kleines Hospital und einen Schiffsarzt zur Erstversorgung sowie zur Behandlung kleiner medizinischer Probleme. Die Ausstattung ist aber nicht mit der einer Klinik an Land vergleichbar. Wenn Sie regelm\u00e4\u00dfig Medikamente nehmen oder Allergien gegen bestimmte Medikamente haben, informieren Sie bitte fr\u00fchzeitig den Schiffsarzt, damit er im Falle eines Notfalls s\u00e4mtliche Informationen hat. Wir reisen jedoch in abgelegene Regionen, in denen es sonst keine medizinische Versorgung gibt. Sie k\u00f6nnen daher nicht an der Reise teilnehmen, wenn Sie in einer gesundheitlichen Verfassung sind, die einen Bedarf an medizinischer Versorgung wahrscheinlich macht oder Sie t\u00e4glicher Behandlung bed\u00fcrfen. Muss ich einen medizinischen Fragebogen ausf\u00fcllen? Ja. Den Fragebogen erhalten Sie von uns oder von Ihrem Reiseb\u00fcro mit Ihrer Reisebest\u00e4tigung. Bitten senden Sie ihn bis sp\u00e4testens vier Wochen nach Buchung ausgef\u00fcllt zur\u00fcck. Wie steht es mit der Umweltvertr\u00e4glichkeit der Reise? Jeder Spitzbergen-Besucher zahlt eine Umwelt-Geb\u00fchr. Diese Geb\u00fchr ist in Ihrem Reisepreis bereits enthalten. So tragen Sie zur Erhaltung des nat\u00fcrlichen Gleichgewichts dieser einzigartigen Naturlandschaft bei. Dar\u00fcber hinaus gibt es einige Richtlinien f\u00fcr Besucher, mit denen Sie Ihre Reiseleiter vertraut machen werden, u. a. in Bezug auf das Verhalten gegen\u00fcber Tieren oder den Umgang mit Vegetation und Bodenoberfl\u00e4che. Kann ich meine Reise in Oslo verl\u00e4ngern? Auf Wunsch buchen wir f\u00fcr Sie vor oder nach der Reise Verl\u00e4ngerungsn\u00e4chte in Oslo. Anstelle des Fluges nach bzw. von Oslo k\u00f6nnen Sie auch an Bord der Color Line-F\u00e4hre zwischen Kiel und Oslo <a href=\"https:\/\/Expedition-Kreuzfahrt-Spitzbergen.de\/cms\/haeufig-gestellte-fragen\/\"> Read more&#8230;<\/a><\/p>\n","protected":false},"author":1,"featured_media":0,"parent":0,"menu_order":0,"comment_status":"closed","ping_status":"closed","template":"","meta":{"footnotes":""},"class_list":["post-142","page","type-page","status-publish","hentry"],"_links":{"self":[{"href":"https:\/\/Expedition-Kreuzfahrt-Spitzbergen.de\/cms\/wp-json\/wp\/v2\/pages\/142","targetHints":{"allow":["GET"]}}],"collection":[{"href":"https:\/\/Expedition-Kreuzfahrt-Spitzbergen.de\/cms\/wp-json\/wp\/v2\/pages"}],"about":[{"href":"https:\/\/Expedition-Kreuzfahrt-Spitzbergen.de\/cms\/wp-json\/wp\/v2\/types\/page"}],"author":[{"embeddable":true,"href":"https:\/\/Expedition-Kreuzfahrt-Spitzbergen.de\/cms\/wp-json\/wp\/v2\/users\/1"}],"replies":[{"embeddable":true,"href":"https:\/\/Expedition-Kreuzfahrt-Spitzbergen.de\/cms\/wp-json\/wp\/v2\/comments?post=142"}],"version-history":[{"count":2,"href":"https:\/\/Expedition-Kreuzfahrt-Spitzbergen.de\/cms\/wp-json\/wp\/v2\/pages\/142\/revisions"}],"predecessor-version":[{"id":161,"href":"https:\/\/Expedition-Kreuzfahrt-Spitzbergen.de\/cms\/wp-json\/wp\/v2\/pages\/142\/revisions\/161"}],"wp:attachment":[{"href":"https:\/\/Expedition-Kreuzfahrt-Spitzbergen.de\/cms\/wp-json\/wp\/v2\/media?parent=142"}],"curies":[{"name":"wp","href":"https:\/\/api.w.org\/{rel}","templated":true}]}}